{"id":95,"date":"2026-03-04T12:31:26","date_gmt":"2026-03-04T12:31:26","guid":{"rendered":"https:\/\/www.rdk-albania.com\/a-propos\/"},"modified":"2026-04-29T23:12:45","modified_gmt":"2026-04-29T23:12:45","slug":"a-propos","status":"publish","type":"page","link":"https:\/\/www.rdk-albania.com\/en\/a-propos\/","title":{"rendered":"A propos"},"content":{"rendered":"","protected":false},"excerpt":{"rendered":"","protected":false},"author":1,"featured_media":0,"parent":0,"menu_order":0,"comment_status":"closed","ping_status":"closed","template":"page-a-propos-template","meta":{"saved_in_kubio":true,"footnotes":""},"class_list":["post-95","page","type-page","status-publish","hentry"],"kubio_ai_page_context":{"short_desc":"Cette page devrait offrir des informations d\u00e9taill\u00e9es sur notre organisation. D\u00e9crivez l'histoire, les valeurs et la mission de l'entreprise et donnez aux visiteurs une compr\u00e9hension claire de notre identit\u00e9. Je suis un partenaire strat\u00e9gique pour aider les investisseurs en Belgique, en France et au Luxembourg \u00e0 investir en Albanie. Je suis une plateforme cl\u00e9 en main qui s\u00e9curise, pilote, optimise les projets immobiliers r\u00e9sidentiels, que ce soit pour de la r\u00e9sidence secondaire, de l'investissement locatif ou de l'achat-revente.","purpose":"about","isFrontPage":false},"yoast_head":"<!-- This site is optimized with the Yoast SEO plugin v27.5 - https:\/\/yoast.com\/product\/yoast-seo-wordpress\/ -->\n<title>\u00c0 propos de RDK ALBANIA \u2014 Facilitateur Immobilier en Albanie<\/title>\n<meta name=\"description\" content=\"RDK Albania, votre facilitateur immobilier francophone en Albanie. Nous accompagnons l&#039;achat et la construction de biens en Albanie.\" \/>\n<meta name=\"robots\" content=\"index, follow, max-snippet:-1, max-image-preview:large, max-video-preview:-1\" \/>\n<link rel=\"canonical\" href=\"https:\/\/www.rdk-albania.com\/en\/a-propos\/\" \/>\n<meta property=\"og:locale\" content=\"en_US\" \/>\n<meta property=\"og:type\" content=\"article\" \/>\n<meta property=\"og:title\" content=\"\u00c0 propos de RDK ALBANIA \u2014 Facilitateur Immobilier en Albanie\" \/>\n<meta property=\"og:description\" content=\"RDK Albania, votre facilitateur immobilier francophone en Albanie. Nous accompagnons l&#039;achat et la construction de biens en Albanie.\" \/>\n<meta property=\"og:url\" content=\"https:\/\/www.rdk-albania.com\/en\/a-propos\/\" \/>\n<meta property=\"og:site_name\" content=\"RDK ALBANIA\" \/>\n<meta property=\"article:modified_time\" content=\"2026-04-29T23:12:45+00:00\" \/>\n<meta property=\"og:image\" content=\"https:\/\/www.rdk-albania.com\/wp-content\/uploads\/2026\/03\/ChatGPT-Image-Mar-9-2026-11_14_13-PM.png\" \/>\n\t<meta property=\"og:image:width\" content=\"1536\" \/>\n\t<meta property=\"og:image:height\" content=\"1024\" \/>\n\t<meta property=\"og:image:type\" content=\"image\/png\" \/>\n<meta name=\"twitter:card\" content=\"summary_large_image\" \/>\n<script type=\"application\/ld+json\" class=\"yoast-schema-graph\">{\"@context\":\"https:\\\/\\\/schema.org\",\"@graph\":[{\"@type\":\"WebPage\",\"@id\":\"https:\\\/\\\/www.rdk-albania.com\\\/a-propos\\\/\",\"url\":\"https:\\\/\\\/www.rdk-albania.com\\\/a-propos\\\/\",\"name\":\"\u00c0 propos de RDK ALBANIA \u2014 Facilitateur Immobilier en Albanie\",\"isPartOf\":{\"@id\":\"https:\\\/\\\/www.rdk-albania.com\\\/#website\"},\"datePublished\":\"2026-03-04T12:31:26+00:00\",\"dateModified\":\"2026-04-29T23:12:45+00:00\",\"description\":\"RDK Albania, votre facilitateur immobilier francophone en Albanie. Nous accompagnons l'achat et la construction de biens en Albanie.\",\"breadcrumb\":{\"@id\":\"https:\\\/\\\/www.rdk-albania.com\\\/a-propos\\\/#breadcrumb\"},\"inLanguage\":\"en-US\",\"potentialAction\":[{\"@type\":\"ReadAction\",\"target\":[\"https:\\\/\\\/www.rdk-albania.com\\\/a-propos\\\/\"]}]},{\"@type\":\"BreadcrumbList\",\"@id\":\"https:\\\/\\\/www.rdk-albania.com\\\/a-propos\\\/#breadcrumb\",\"itemListElement\":[{\"@type\":\"ListItem\",\"position\":1,\"name\":\"Accueil\",\"item\":\"https:\\\/\\\/www.rdk-albania.com\\\/\"},{\"@type\":\"ListItem\",\"position\":2,\"name\":\"A propos\"}]},{\"@type\":\"WebSite\",\"@id\":\"https:\\\/\\\/www.rdk-albania.com\\\/#website\",\"url\":\"https:\\\/\\\/www.rdk-albania.com\\\/\",\"name\":\"RDK ALBANIA\",\"description\":\"\",\"publisher\":{\"@id\":\"https:\\\/\\\/www.rdk-albania.com\\\/#organization\"},\"potentialAction\":[{\"@type\":\"SearchAction\",\"target\":{\"@type\":\"EntryPoint\",\"urlTemplate\":\"https:\\\/\\\/www.rdk-albania.com\\\/?s={search_term_string}\"},\"query-input\":{\"@type\":\"PropertyValueSpecification\",\"valueRequired\":true,\"valueName\":\"search_term_string\"}}],\"inLanguage\":\"en-US\"},{\"@type\":\"Organization\",\"@id\":\"https:\\\/\\\/www.rdk-albania.com\\\/#organization\",\"name\":\"RDK ALBANIA\",\"url\":\"https:\\\/\\\/www.rdk-albania.com\\\/\",\"logo\":{\"@type\":\"ImageObject\",\"inLanguage\":\"en-US\",\"@id\":\"https:\\\/\\\/www.rdk-albania.com\\\/#\\\/schema\\\/logo\\\/image\\\/\",\"url\":\"https:\\\/\\\/www.rdk-albania.com\\\/wp-content\\\/uploads\\\/2026\\\/04\\\/LOGO_sans_fond_optimized.png\",\"contentUrl\":\"https:\\\/\\\/www.rdk-albania.com\\\/wp-content\\\/uploads\\\/2026\\\/04\\\/LOGO_sans_fond_optimized.png\",\"width\":400,\"height\":368,\"caption\":\"RDK ALBANIA\"},\"image\":{\"@id\":\"https:\\\/\\\/www.rdk-albania.com\\\/#\\\/schema\\\/logo\\\/image\\\/\"},\"sameAs\":[\"https:\\\/\\\/www.instagram.com\\\/rdk.albania\\\/\",\"https:\\\/\\\/www.tiktok.com\\\/@rdk.albania\"]}]}<\/script>\n<!-- \/ Yoast SEO plugin. -->","yoast_head_json":{"title":"About RDK ALBANIA \u2014 Your Real Estate Facilitator in Albania","description":"RDK ALBANIA, your English-speaking real estate facilitator in Albania. We support property purchase and construction in Albania.","robots":{"index":"index","follow":"follow","max-snippet":"max-snippet:-1","max-image-preview":"max-image-preview:large","max-video-preview":"max-video-preview:-1"},"canonical":"https:\/\/www.rdk-albania.com\/en\/a-propos\/","og_locale":"en_US","og_type":"article","og_title":"\u00c0 propos de RDK ALBANIA \u2014 Facilitateur Immobilier en Albanie","og_description":"RDK Albania, votre facilitateur immobilier francophone en Albanie. Nous accompagnons l'achat et la construction de biens en Albanie.","og_url":"https:\/\/www.rdk-albania.com\/en\/a-propos\/","og_site_name":"RDK ALBANIA","article_modified_time":"2026-04-29T23:12:45+00:00","og_image":[{"width":1536,"height":1024,"url":"https:\/\/www.rdk-albania.com\/wp-content\/uploads\/2026\/03\/ChatGPT-Image-Mar-9-2026-11_14_13-PM.png","type":"image\/png"}],"twitter_card":"summary_large_image","schema":{"@context":"https:\/\/schema.org","@graph":[{"@type":"WebPage","@id":"https:\/\/www.rdk-albania.com\/a-propos\/","url":"https:\/\/www.rdk-albania.com\/a-propos\/","name":"About RDK ALBANIA \u2014 Your Real Estate Facilitator in Albania","isPartOf":{"@id":"https:\/\/www.rdk-albania.com\/#website"},"datePublished":"2026-03-04T12:31:26+00:00","dateModified":"2026-04-29T23:12:45+00:00","description":"RDK ALBANIA, your English-speaking real estate facilitator in Albania. We support property purchase and construction in Albania.","breadcrumb":{"@id":"https:\/\/www.rdk-albania.com\/a-propos\/#breadcrumb"},"inLanguage":"en-US","potentialAction":[{"@type":"ReadAction","target":["https:\/\/www.rdk-albania.com\/a-propos\/"]}]},{"@type":"BreadcrumbList","@id":"https:\/\/www.rdk-albania.com\/a-propos\/#breadcrumb","itemListElement":[{"@type":"ListItem","position":1,"name":"Accueil","item":"https:\/\/www.rdk-albania.com\/"},{"@type":"ListItem","position":2,"name":"A propos"}]},{"@type":"WebSite","@id":"https:\/\/www.rdk-albania.com\/#website","url":"https:\/\/www.rdk-albania.com\/","name":"RDK ALBANIA","description":"","publisher":{"@id":"https:\/\/www.rdk-albania.com\/#organization"},"potentialAction":[{"@type":"SearchAction","target":{"@type":"EntryPoint","urlTemplate":"https:\/\/www.rdk-albania.com\/?s={search_term_string}"},"query-input":{"@type":"PropertyValueSpecification","valueRequired":true,"valueName":"search_term_string"}}],"inLanguage":"en-US"},{"@type":"Organization","@id":"https:\/\/www.rdk-albania.com\/#organization","name":"RDK ALBANIA","url":"https:\/\/www.rdk-albania.com\/","logo":{"@type":"ImageObject","inLanguage":"en-US","@id":"https:\/\/www.rdk-albania.com\/#\/schema\/logo\/image\/","url":"https:\/\/www.rdk-albania.com\/wp-content\/uploads\/2026\/04\/LOGO_sans_fond_optimized.png","contentUrl":"https:\/\/www.rdk-albania.com\/wp-content\/uploads\/2026\/04\/LOGO_sans_fond_optimized.png","width":400,"height":368,"caption":"RDK ALBANIA"},"image":{"@id":"https:\/\/www.rdk-albania.com\/#\/schema\/logo\/image\/"},"sameAs":["https:\/\/www.instagram.com\/rdk.albania\/","https:\/\/www.tiktok.com\/@rdk.albania"]}]}},"_links":{"self":[{"href":"https:\/\/www.rdk-albania.com\/en\/wp-json\/wp\/v2\/pages\/95","targetHints":{"allow":["GET"]}}],"collection":[{"href":"https:\/\/www.rdk-albania.com\/en\/wp-json\/wp\/v2\/pages"}],"about":[{"href":"https:\/\/www.rdk-albania.com\/en\/wp-json\/wp\/v2\/types\/page"}],"author":[{"embeddable":true,"href":"https:\/\/www.rdk-albania.com\/en\/wp-json\/wp\/v2\/users\/1"}],"replies":[{"embeddable":true,"href":"https:\/\/www.rdk-albania.com\/en\/wp-json\/wp\/v2\/comments?post=95"}],"version-history":[{"count":62,"href":"https:\/\/www.rdk-albania.com\/en\/wp-json\/wp\/v2\/pages\/95\/revisions"}],"predecessor-version":[{"id":1035,"href":"https:\/\/www.rdk-albania.com\/en\/wp-json\/wp\/v2\/pages\/95\/revisions\/1035"}],"wp:attachment":[{"href":"https:\/\/www.rdk-albania.com\/en\/wp-json\/wp\/v2\/media?parent=95"}],"curies":[{"name":"wp","href":"https:\/\/api.w.org\/{rel}","templated":true}]}}